{"id":2234,"date":"2015-08-10T15:22:56","date_gmt":"2015-08-10T13:22:56","guid":{"rendered":"http:\/\/www.julia-oschewsky.de\/?page_id=2234"},"modified":"2021-01-28T15:39:51","modified_gmt":"2021-01-28T14:39:51","slug":"events-archive","status":"publish","type":"page","link":"https:\/\/www.julia-oschewsky.de\/en\/events-archive\/","title":{"rendered":"Events archive"},"content":{"rendered":"<style type=\"text\/css\"> \n#cmsms_row_69eb8d26006b2 .cmsms_row_outer_parent { \n\tpadding-top: 10px; \n} \n\n#cmsms_row_69eb8d26006b2 .cmsms_row_outer_parent { \n\tpadding-bottom: 0px; \n} \n\n<\/style><div id=\"cmsms_row_69eb8d26006b2\" class=\"cmsms_row cmsms_color_scheme_default\">\n<div class=\"cmsms_row_outer_parent\">\n<div class=\"cmsms_row_outer\">\n<div class=\"cmsms_row_inner\">\n<div class=\"cmsms_row_margin\">\n<div class=\"cmsms_column one_first\" data-animation=\"fadeIn\">\n<div class=\"cmsms_text\">\n<p><a href=\"https:\/\/www.julia-oschewsky.de\/en\/events\/\">&lt; UPCOMING EVENTS<\/a><\/p>\n<\/div>\n<div class=\"cmsms_text\">\n<h1>January 2021<\/h1>\n<h3>24.01.21 | Kleingartenanlage \u2013 LandesArt \u2013 SWR Television<\/h3>\n<h3>09.01.21 | Kleingartenanlage \u2013 Kaffee oder Tee \u2013 SWR Television<\/h3>\n<h1>September 2020<\/h1>\n<h3>30.09.20 | Kleingartenanlage \u2013 Kulturspots 2020 Wackernheim<\/h3>\n<h3>01.09.20 | Back at Mama\u2019s \u2013 Mainzer Kulturg\u00e4rten<\/h3>\n<h1>August 2020<\/h1>\n<h3>29.08.20 | Kleingartenanlage \u2013 Picknick Konzerte R\u00f6merhalle Bad Kreuznach<\/h3>\n<h3>05.08.20 | Kleingartenanlage \u2013 10 years Petersilie Ingelheim<\/h3>\n<h3>02.08.20 | Kleingartenanlage \u2013 Weingut G\u00e4nz Guldental<\/h3>\n<h1>July 2020<\/h1>\n<h3>31.07.20 | Kleingartenanlage \u2013 Weingut G\u00e4nz Guldental<\/h3>\n<h3>19.07.20 | Kleingartenanlage \u2013 Schmittenstollen Niederhausen<\/h3>\n<h3>18.07.20 | Kleingartenanlage \u2013 Kaiserhof Guldental<\/h3>\n<h3>09.07.20 | Back At Mama\u2019s \u2013 Petersilie Ingelheim<\/h3>\n<h1>May 2020<\/h1>\n<h3>16.05.20 | Kleingartenanlage \u2013 Mainzer Kulturg\u00e4rten<\/h3>\n<h1>October 2019<\/h1>\n<h3>03.10.19 | Back At Mama&#8217;s &#8211; Rotweinfest Ingelheim<\/h3>\n<h3>03.10.19 |\u00a0Kleingartenanlage\u00a0&#8211; Rotweinfest Ingelheim<\/h3>\n<h1>September 2019<\/h1>\n<h3>28.09.19 | Ed Partyka Jazz Orchestra &#8211; B-Flat Berlin<\/h3>\n<h3>27.09.19 | Ed Partyka Jazz Orchestra &#8211; B-Flat Berlin<\/h3>\n<h3>21.09.19 | Kleingartenanlage &#8211; Public Viewing 3Sat Festival &#8211; Mainz<\/h3>\n<h3>08.09.19 |\u00a0Alex Funk-Matthias Scholl Big Band \u2013 Neff-Platz Bingen<\/h3>\n<h3>07.09.19 | Yin Yoga &#8211; Yoga Shala Bingen<\/h3>\n<h3>05.09.19 | Back At Mama&#8217;s &#8211; Winzerfest Bingen<\/h3>\n<h3>01.09.19 | Kleingartenanlage &#8211;\u00a0Edelobstbrennerei Hemmes<\/h3>\n<h1>August 2019<\/h1>\n<h3>30.08.19 | Kleingartenanlage &#8211; support Michael Schulte LaLo<\/h3>\n<h3>22.08.19 | Kleingartenanlage &#8211; benefit concert Ballplatz &#8211; Mainz<\/h3>\n<h3>10.08.19 | Kleingartenanlage &#8211; 9 years Peter&amp;Silie &#8211; Ingelheim<\/h3>\n<h3>09.08.19 | Kleingartenanlage &#8211; Edelstein Serenade &#8211; Herrstein<\/h3>\n<h3>04.08.19 | Kleingartenanlage &#8211; Winery G\u00e4nz &#8211; Guldental<\/h3>\n<h1>June 2019<\/h1>\n<h3>29.06.19 |\u00a0Kleingartenanlage \u2013 Heimatmuseum Sprendlingen<\/h3>\n<h3>26.06.19 |\u00a0Kleingartenanlage \u2013 Kulturgut Bechtolsheim<\/h3>\n<h3>23.06.19 |\u00a0Kleingartenanlage \u2013 Taubertsbergbad Mainz<\/h3>\n<h3>21.06.19 | Back At Mama&#8217;s \u2013 Alte Wache Bingen<\/h3>\n<h3>15.06.19 |\u00a0Kleingartenanlage \u2013 Vinothek Wallhausen<\/h3>\n<h1>May 2019<\/h1>\n<h3>31.05.19 |\u00a0Back At Mama\u2019s \u2013 Night of Seduction &#8211; Bingen<\/h3>\n<h3>25.05.19 |\u00a0Feat. Golden Swing Big Band \u2013 Jazzfestival Idar-Oberstein<\/h3>\n<h3>19.05.19 |\u00a0Back At Mama\u2019s \u2013 Edelobstbrennerei Hemmes Gau-Algesheim<\/h3>\n<h3>18.05.19 |\u00a0Kleingartenanlage \u2013 Vinothek Mandel<\/h3>\n<h3>12.05.19 | Teacher&#8217;s in concert &#8211;\u00a0music school Ingelheim<\/h3>\n<h3>09.05.19 | Kleingartenanlage &#8211; Sektfest Bingen<\/h3>\n<h3>03.05.19 |\u00a0Kleingartenanlage \u2013 KING Ingelheim \u2013 Opening Cultural Summer<\/h3>\n<h1>April 2019<\/h1>\n<h3>13.04.19 | Yin Yoga &#8211; Yoga Shala Bingen<\/h3>\n<h3>06.04.19 | Kleingartenanlage &#8211; Binger B\u00fchne Bingen<\/h3>\n<h3>02.04.19 |\u00a0Kleingartenanlage &#8211; Landesschau Rheinland-Pfalz SWR Television<\/h3>\n<h1>March 2019<\/h1>\n<h3>09.03.19 | Yin Yoga &#8211; Yoga Shala Bingen<\/h3>\n<h3>02.03.19 | Ed Partyka Jazz Orchestra &#8211; B-Flat Berlin<\/h3>\n<h3>01.03.19 |\u00a0Ed Partyka Jazz Orchestra &#8211; B-Flat Berlin<\/h3>\n<h1>February 2019<\/h1>\n<h3>16.02.19 | Kleingartenanlage &#8211; &#8220;Carlos&#8221; Mainz<\/h3>\n<h1>January 2019<\/h1>\n<h3>25.01.19 | Karls-Empfang &#8211; kING Ingelheim<\/h3>\n<h3>19.01.19 | Kleingartenanlage &#8211; Alte Wache Bingen<\/h3>\n<h1>December 2018<\/h1>\n<h3>23.12.18 | Kleingartenanlage &#8211; Christmas Market Ingelheim<\/h3>\n<h3>20.12.18 |\u00a0Swinging Soul &#8211; Econ Tel M\u00fcnster<\/h3>\n<h3>11.12.18 |\u00a0Kleingartenanlage &#8211; Rheinische Versorgungskassen K\u00f6ln<\/h3>\n<h3>07.12.18 | Swinging Soul &#8211; Schifffahrtsmuseum Mainz<\/h3>\n<h3>04.12.18 |\u00a0Back At Mama&#8217;s &#8211;\u00a0Vinothek Bingen<\/h3>\n<h3>01.12.18 |\u00a0Kleingartenanlage &#8211; Lafer&#8217;s Stromburg<\/h3>\n<h1>November 2018<\/h1>\n<h3>24.11.18 |\u00a0Yin Yoga &#8211; Yoga Shala Bingen<\/h3>\n<h3>23.11.18 |\u00a0Back At Mama&#8217;s &#8211;\u00a0Vinothek Bingen<\/h3>\n<h3>17.11.18 |\u00a0Kleingartenanlage &#8211; Caf\u00e9 Stumpf Weiler (postponed to 2019)<\/h3>\n<h3>03.11.18 |\u00a0Kleingartenanlage &#8211; Studio Concert Team17 Audio Budenheim<\/h3>\n<h3>02.11.18 |\u00a0Kleingartenanlage &#8211; Studio Concert Team17 Audio Budenheim<\/h3>\n<h1>October 2018<\/h1>\n<h3>27.10.18 |\u00a0Yin Yoga &#8211; Yoga Shala Bingen<\/h3>\n<h3>23.10.18 |\u00a0Back At Mama&#8217;s\u00a0&#8211; Vinothek Bingen<\/h3>\n<h3>03.10.18 |\u00a0Back At Mama&#8217;s\u00a0&#8211; Rotweinfest Ingelheim<\/h3>\n<\/div>\n<div class=\"cmsms_text\">\n<h1>September 2018<\/h1>\n<h3>25.09.18 |\u00a0Back At Mama&#8217;s\u00a0&#8211; Vinothek Bingen<\/h3>\n<h3>22.09.18 |\u00a0Ed Partyka Jazz Orchestra &#8211; B-Flat Berlin<\/h3>\n<h3>21.09.18 |\u00a0Ed Partyka Jazz Orchestra &#8211; B-Flat Berlin<\/h3>\n<h3>08.09.18 | Kleingartenanlage &#8211; CD Release Konzert &#8211; Loge Bad Kreuznach<\/h3>\n<h3>06.09.18 |\u00a0Back At Mama&#8217;s\u00a0&#8211; Winzerfest Bingen<\/h3>\n<\/div>\n<div class=\"cmsms_text\">\n<h1>August 2018<\/h1>\n<h3>26.08.18 |\u00a0Kleingartenanlage &#8211; Taubertsbergbad Mainz<\/h3>\n<h3>21.08.18 |\u00a0Back At Mama&#8217;s &#8211; Vinothek Bingen<\/h3>\n<h3>10.08.18 |\u00a0Back At Mama&#8217;s &#8211; Peter&amp;Silie Ingelheim<\/h3>\n<h3>05.08.18 |\u00a0Kleingartenanlage &#8211; Winery G\u00e4nz Guldental<\/h3>\n<\/div>\n<div class=\"cmsms_text\">\n<h1>July 2018<\/h1>\n<h3>29.07.18 |\u00a0Kleingartenanlage &#8211; Festival of the Arts &#8211; Westhofen<\/h3>\n<h3>22.07.18 |\u00a0Kleingartenanlage &#8211;\u00a0Schmittenstollen &#8211; Bad M\u00fcnster am Stein<\/h3>\n<h3>07.07.18 |\u00a0Yin Yoga &#8211; Yoga Shala Bingen<\/h3>\n<\/div>\n<div class=\"cmsms_text\">\n<h1>June 2018<\/h1>\n<h3>19.06.18 | Back At Mama&#8217;s &#8211; Vinothek\u00a0Bingen<\/h3>\n<h3>16.06.18 |\u00a0Kleingartenanlage &#8211; KuKuK Frankenthal<\/h3>\n<h3>01.06.18 | Back At Mama&#8217;s &#8211; Nacht der Verf\u00fchrung &#8211; Bingen<\/h3>\n<\/div>\n<div class=\"cmsms_text\">\n<h1>May 2018<\/h1>\n<h3>31.05.18 | Kleingartenanlage &#8211; Wunschlos Gl\u00fccklich W\u00fcrzburg<\/h3>\n<h3>17.05.18 | Back At Mama&#8217;s &#8211; Vinothek Bingen<\/h3>\n<\/div>\n<div class=\"cmsms_text\">\n<h1>April 2018<\/h1>\n<h3>28.04.18 |\u00a0Yin Yoga &#8211; Yoga Shala Bingen<\/h3>\n<h3>21.04.18 |\u00a0Back At Mama&#8217;s &#8211; Alte Wache Bingen<\/h3>\n<h3>12.04.18 |\u00a0Back At Mama&#8217;s &#8211; Vinothek Bingen<\/h3>\n<\/div>\n<div class=\"cmsms_text\">\n<h1>March 2018<\/h1>\n<h3>15.03.18 |\u00a0Start Cd Recording Kleingartenanlage &#8211; Team17 Audio<\/h3>\n<h3>10.03.18 |\u00a0Yin Yoga &#8211; Yoga Shala Bingen<\/h3>\n<\/div>\n<div class=\"cmsms_text\">\n<h1>February 2018<\/h1>\n<h3>24.02.18 |\u00a0Ed Partyka Jazz Orchestra &#8211; B-Flat Berlin<\/h3>\n<h3>23.02.18 |\u00a0Ed Partyka Jazz Orchestra &#8211; B-Flat Berlin<\/h3>\n<h3>03.02.18 |\u00a0Yin Yoga &#8211; Yoga Shala Bingen<\/h3>\n<\/div>\n<div class=\"cmsms_text\">\n<h1>January 2018<\/h1>\n<h3>26.01.18 |\u00a0Karls-Empfang &#8211; KING Ingelheim<\/h3>\n<h3>20.01.18 |\u00a0Songwriting Workshop Modul 2 &#8211; Musikschule WBZ Ingelheim<\/h3>\n<h3><\/h3>\n<\/div>\n<div class=\"cmsms_text\">\n<h1>December 2017<\/h1>\n<h3>22.12.17 |\u00a0Jakob Schmitt &amp; Friends &#8211; Binger B\u00fchne<\/h3>\n<h3>21.12.17 |\u00a0Students in Concert &#8211; Henry&#8217;s Ingelheim<\/h3>\n<h3>09.12.17 |\u00a0Kleingartenanlage &#8211; Peter&amp;Silie Ingelheim<\/h3>\n<h3>09.12.17 | Yin Yoga &#8211; Yoga Shala Bingen<\/h3>\n<h3>08.12.17 | Back At Mama&#8217;s &#8211; Vinothek Bingen<\/h3>\n<h3>08.12.17 |\u00a0Kleingartenanlage &#8211; Christmas Market Ingelheim<\/h3>\n<\/div>\n<div class=\"cmsms_text\">\n<h1>November<\/h1>\n<h3>26.11.17 | Julia &amp; Band &#8211; Pompstation\u00a0Amsterdam<\/h3>\n<h3>25.11.17 | Julia &amp; Band &#8211; Teatro Munganga Amsterdam<\/h3>\n<h3>17.11.17 | Kleingartenanlage &#8211; Jazzkeller Dinkelsb\u00fchl<\/h3>\n<h3>11.11.17 | Songwriting Workshop Module 1 &#8211; music school WBZ Ingelheim<\/h3>\n<h3>10.11.17 | Kleingartenanlage &#8211; St\u00e4dtetag kING Ingelheim<\/h3>\n<\/div>\n<div class=\"cmsms_text\">\n<h1>October<\/h1>\n<h3>09.10.17 |\u00a0Ed Partyka Jazz Orchestra &#8211;\u00a0WIST Graz (A)<\/h3>\n<h3>08.10.17 |\u00a0Ed Partyka Jazz Orchestra &#8211;\u00a0Porgy &amp; Bess Wien (A)<\/h3>\n<h3>07.10.17 |\u00a0Ed Partyka Jazz Orchestra &#8211; B-Flat Berlin<\/h3>\n<h3>06.10.17 |\u00a0Ed Partyka Jazz Orchestra &#8211; B-Flat Berlin<\/h3>\n<\/div>\n<div class=\"cmsms_text\">\n<h1>August<\/h1>\n<h3>26.08.17 |\u00a0Yin Yoga &#8211; Yoga Shala Bingen<\/h3>\n<h3>19.08.17 | Kleingartenanlage &#8211;\u00a0B\u00fcrgerfest Ingelheim<\/h3>\n<h3>12.08.17 |\u00a0Yin Yoga &#8211; Yoga Shala Bingen<\/h3>\n<h3>06.08.17 | Kleingartenanlage &#8211; Winery G\u00e4nz Guldental<\/h3>\n<\/div>\n<div class=\"cmsms_text\">\n<h1>July<\/h1>\n<h3>15.07.17 |\u00a0Kleingartenanlage &#8211;\u00a0Joe&#8217;s Jazz Scheune @\u00a0Lichterspiele Horrweiler<\/h3>\n<h3>15.07.17 | Yin Yoga &#8211; Yoga Shala Bingen<\/h3>\n<h3>14.07.17 | Kleingartenanlage &#8211; Winery Frick Duchroth<\/h3>\n<h3>13.07.17 | Kleingartenanlage &#8211; Winery Frick Duchroth<\/h3>\n<h3>08.07.17 | Yin Yoga &#8211; Yoga Shala Bingen<\/h3>\n<h3>01.07.17 | Kleingartenanlage &#8211; Scheune Winzenheim<\/h3>\n<h3>01.07.17 |\u00a0Kleingartenanlage &#8211; Volkspark Mainz &#8211; Support Sarah Connor<\/h3>\n<\/div>\n<div class=\"cmsms_text\">\n<h1>June<\/h1>\n<h3>25.06.17 | students in concert &#8211; Music School WBZ Ingelheim<\/h3>\n<h3>23.06.17 |\u00a0Back at Mama&#8217;s &#8211; PaX AG summer party Vestenbergsgreuth<\/h3>\n<h3>10.06.17 | Kleingartenanlage &#8211;\u00a0opening wine wander route Wald-B\u00f6ckelheim<\/h3>\n<\/div>\n<div class=\"cmsms_text\">\n<h1>May<\/h1>\n<h3>27.05.17 | Yin Yoga &#8211; Yoga Shala Bingen<\/h3>\n<h3>21.05.17 |\u00a0Back At Mama&#8217;s &#8211; winery Hemmes Gau-Algesheim<\/h3>\n<h3>13.05.17 | Yin Yoga &#8211; Yoga Shala Bingen<\/h3>\n<h3>07.05.17 | Kleingartenanlage feat. Orchestra Alba cultural summer opening Bad M\u00fcnster<\/h3>\n<\/div>\n<div class=\"cmsms_text\">\n<h1>April<\/h1>\n<h3>30.04.17 | Kleingartenanlage &#8211; Unplugged in the vineyards &#8211; Langenlonsheim<\/h3>\n<h3>28.04.17 | Kleingartenanlage &#8211; Kulturinitiative Odernheim<\/h3>\n<h3>23.04.17 | Kleingartenanlage &#8211; Lomo Mainz<\/h3>\n<h3>15.04.17 | Yin Yoga &#8211; Yoga Shala Bingen<\/h3>\n<h3>08.04.17 | Yin Yoga &#8211; Yoga Shala Bingen<\/h3>\n<h3>03.04.17 |\u00a0Ed Partyka Jazz Orchestra \u2013 Unterfahrt M\u00fcnchen<\/h3>\n<h3>02.04.17 |\u00a0Ed Partyka Jazz Orchestra \u2013\u00a0Nato Leipzig<\/h3>\n<h3>01.04.17 |\u00a0Ed Partyka Jazz Orchestra \u2013 B-Flat Berlin<\/h3>\n<\/div>\n<div class=\"cmsms_text\">\n<h1>March<\/h1>\n<h3>31.03.17 |\u00a0Ed Partyka Jazz Orchestra \u2013 B-Flat Berlin<\/h3>\n<h3>30.03.17 | Kleingartenanlage \u2013 \u201eDas Wormser\u201c Worms<\/h3>\n<h3>25.03.17 |\u00a0Pop It Up Vocal Workshop \u2013 Music school WBZ Ingelheim<\/h3>\n<h3>18.03.17 | Yin Yoga &amp; Voice Workshop \u2013 Casa Di Vita Bad Kreuznach<\/h3>\n<h3>17.03.17 | Back at Mama&#8217;s\u00a0\u2013 Peter&amp;Silie Ingelheim<\/h3>\n<\/div>\n<div class=\"cmsms_text\">\n<h1>December<\/h1>\n<h3>31.12.16 |\u00a0Ed Partyka Jazz Orchestra &#8211; B-Flat Berlin<\/h3>\n<h3>30.12.16 |\u00a0Ed Partyka Jazz Orchestra &#8211; B-Flat Berlin<\/h3>\n<h3>17.12.16 |\u00a0Kleingartenanlage meets string orchestra ALBA &#8211; Kursaal Bad Kreuznach<\/h3>\n<\/div>\n<div class=\"cmsms_text\">\n<h1>November<\/h1>\n<h3>13.11.16 | Julia &amp;\u00a0Antonio Molina Moya &#8211; Sarphaat Amsterdam<\/h3>\n<h3>06.11.16 | Julia &amp;\u00a0Antonio Molina Moya &#8211; Spargo Amsterdam<\/h3>\n<\/div>\n<div class=\"cmsms_text\">\n<h1>October<\/h1>\n<h3>29.10.16 |\u00a0Kleingartenanlage &#8211; Support Silje Nergaard &#8211; Frankfurter Hof Mainz<\/h3>\n<h3>01.10.16 |\u00a0Ed Partyka Jazz Orchestra &#8211; B-Flat Berlin<\/h3>\n<\/div>\n<div class=\"cmsms_text\">\n<h1>September<\/h1>\n<h3>30.09.16 |\u00a0Ed Partyka Jazz Orchestra &#8211; B-Flat Berlin<\/h3>\n<h3>24.09.16 |\u00a0Julia &amp; Band &#8211; B-Flat Berlin<\/h3>\n<h3>17.09.16 |\u00a0Julia &amp; Band &#8211;\u00a0Binger B\u00fchne (Ger)<\/h3>\n<h3>16.09.16 |\u00a0Julia &amp; Band &#8211; Teatro Munganga\u00a0Amsterdam<\/h3>\n<h3>02.09.16 |\u00a0Julia &amp; Band &#8211; Wilhelmina Huiskamer Festival Amsterdam<\/h3>\n<\/div>\n<div class=\"cmsms_text\">\n<h1>August<\/h1>\n<h3>07.08.16 | Kleingartenanlage &#8211; Winery G\u00e4nz Guldental (Ger)<\/h3>\n<\/div>\n<div class=\"cmsms_text\">\n<h1>July<\/h1>\n<h3>29.07.16 | Yin Yoga &#8211; Yoga Shala Bingen (Ger)<\/h3>\n<h3>22.07.16 | Yin Yoga &#8211; Yoga Shala Bingen (Ger)<\/h3>\n<h3>17.07.16 | Kleingartenanlage &#8211; Living room concert Karlsruhe (Ger)<\/h3>\n<h3>16.07.16 | Kleingartenanlage &#8211; Notengarten Andernach (Ger)<\/h3>\n<h3>16.07.16 | Songwriting Workshop &#8211; Andernach (Ger)<\/h3>\n<h3>15.07.16 | Jazz Vocal Workshop &#8211; Andernach (Ger)<\/h3>\n<h3>07.07.16 | Ed Partyka Jazz Orchestra &#8211; Klub Wytw\u00f3rnia \u0141\u00f3d\u017a (Polen)<\/h3>\n<\/div>\n<div class=\"cmsms_text\">\n<h1>June<\/h1>\n<h3>28.06.16 | Yin Yoga Amsterdam<\/h3>\n<h3>26.06.16 | Students in concert &#8211; &#8220;Toon&#8221; Amsterdam<\/h3>\n<h3>21.06.16 | Yin Yoga Amsterdam<\/h3>\n<h3>18.06.16 | Kleingartenanlage &#8211; Music in the park &#8211; Bad Kreuznach (Ger)<\/h3>\n<h3>14.06.16 | Yin Yoga Amsterdam<\/h3>\n<h3>10.06.16 |\u00a0Kleingartenanlage &#8211; Living room concert Budenheim (Ger)<\/h3>\n<h3>06.06.16 | Yin Yoga Amsterdam<\/h3>\n<\/div>\n<div class=\"cmsms_text\">\n<h1>May<\/h1>\n<h3>14.05.16 |\u00a0Kleingartenanlage &amp; Westwind Trio &#8211; Winery Gr\u00f6hl Weinolsheim (Ger)<\/h3>\n<h3>08.05.16 | Julia &amp; Band &#8211; &#8220;Toon&#8221; Amsterdam<\/h3>\n<h3>04.05.16 | Julia Solo &#8211; Openlucht Hotel Schaffelaar &#8211; Amsterdam<\/h3>\n<\/div>\n<div class=\"cmsms_text\">\n<h1>April<\/h1>\n<h3>15.04.16 | Kleingartenanlage &#8211; Support Silje Nergaard &#8211; Frankfurter Hof Mainz (Ger)<\/h3>\n<h3>05.04.16 |\u00a0Yin Yoga &#8211; Amsterdam<\/h3>\n<h3>03.04.16 |\u00a0Julia Solo &#8211; &#8220;Toon&#8221; Amsterdam<\/h3>\n<\/div>\n<div class=\"cmsms_text\">\n<h1>March<\/h1>\n<h3>12.03.16 |\u00a0Julia Solo \u2013 Singer Songwriter Saturday\u00a0Erasmuspark \u2013\u00a0Amsterdam<\/h3>\n<\/div>\n<div class=\"cmsms_text\">\n<h1>February<\/h1>\n<h3>29.02.16 |\u00a0Ed Partyka Jazz Orchestra &#8211; Jazz Kantine Luzern\u00a0(CH)<\/h3>\n<h3>27.02.16 |\u00a0Ed Partyka Jazz Orchestra &#8211; Bird&#8217;s Eye Basel (CH)<\/h3>\n<h3>26.02.16 |\u00a0Ed Partyka Jazz Orchestra &#8211; Bird&#8217;s Eye Basel (CH)<\/h3>\n<h3>26.02.16 |\u00a0Ed Partyka Jazz Orchestra &#8211; Tinguely Museum Basel (CH)<\/h3>\n<h3>20.02.16 |\u00a0Ed Partyka Jazz Orchestra\u00a0&#8211;\u00a0B-Flat Berlin\u00a0(Ger)<\/h3>\n<h3>19.02.16 | Ed Partyka Jazz Orchestra\u00a0&#8211; B-Flat Berlin\u00a0(Ger)<\/h3>\n<\/div>\n<div class=\"cmsms_text\">\n<h1>2015<\/h1>\n<h3>12.12.15 | Kleingartenanlage &#8211;\u00a0CD Release &#8220;No Status Quo&#8221; &#8211;\u00a0Loge Bad Kreuznach (Ger)<\/h3>\n<h3>24.11.15 |\u00a0Yin Yoga &#8211; Amsterdam<\/h3>\n<h3>22.11.15 |\u00a0Meet Marlene &#8211; Songs of Marlene Dietrich &#8211; living room concert Amsterdam<\/h3>\n<h3>14.11.15 | songwriting workshop &#8211; Music school WBZ Ingelheim (Ger)<\/h3>\n<h3>03.11.15 |\u00a0Yin Yoga &#8211; Amsterdam<\/h3>\n<h3>30.10.15 | Kleingartenanlage &#8211; Kaffee oder Tee &#8211; live on TV (Ger)<\/h3>\n<h3>10.10.15 | Pop It Up &#8211; vocal workshop &#8211; music school WBZ Ingelheim (Ger)<\/h3>\n<h3>26.09.15 | Ed Partyka Jazz Orchestra\u00a0&#8211; B-Flat Berlin<\/h3>\n<h3>25.09.15 |\u00a0Ed Partyka Jazz Orchestra\u00a0&#8211;\u00a0B-Flat Berlin<\/h3>\n<h3>08.09.15 | Julia &amp; band\u00a0&#8211; prelim Amsterdamse Popprijs 2015 (NL)<\/h3>\n<h3>28.08.15 | Kleingartenanlage &#8211; Binger B\u00fchne (Ger)<\/h3>\n<h3>11.07.15 | Jazz It Up &#8211; vocal workshop &#8211; music school WBZ Ingelheim (Ger)<\/h3>\n<h3>04.07.15 | Pop It Up &#8211; vocal workshop &#8211; Volkshochschule (VHS) Bingen (Ger)<\/h3>\n<h3>22.06.15 | Yin Yoga \u2013 MidWest Amsterdam<\/h3>\n<h3>15.06.15 <em>| <\/em>Yin Yoga \u2013 MidWest Amsterdam<\/h3>\n<h3>08.06.16 | Yin Yoga \u2013 MidWest Amsterdam<\/h3>\n<h3>01.06.15 | Yin Yoga \u2013 MidWest Amsterdam<\/h3>\n<h3>30.05.15 | Julia Solo \u2013 Open Yoga Festival Groningen (NL)<\/h3>\n<h3>24.05.15 | Kleingartenanlage \u2013 Living Room Concert Waldalgesheim (Ger)<\/h3>\n<h3>03.05.15 | Julia &amp; Band \u2013 Seminarturnhalle Stade (Ger)<\/h3>\n<h3>02.05.15 | Julia &amp; Band \u2013 B-Flat Berlin<\/h3>\n<h3>01.05.15 | Julia &amp; Band \u2013 Teatro Munganga Amsterdam<\/h3>\n<h3>28.02.15 | Ed Partyka Jazz Orchestra \u2013 B-Flat Berlin<\/h3>\n<h3>27.02.15 | Ed Partyka Jazz Orchestra \u2013 B-Flat Berlin<\/h3>\n<\/div>\n<div class=\"cmsms_text\">\n<h1>2014<\/h1>\n<h3>21.12.14 | Kleingartenanlage \u2013 SWR1 Xmas Song Contest<\/h3>\n<h3>26.10.14 | Ed Partyka Jazz Orchestra \u2013 Jazz Days Bratislava (Sk)<\/h3>\n<h3>25.10.14 | Ed Partyka Jazz Orchestra \u2013 Jazz Dock Prag (Cz)<\/h3>\n<h3>24.10.14 | Ed Partyka Jazz Orchestra \u2013 Jazz Dock Prag (Cz)<\/h3>\n<h3>06.10.14 | Ed Partyka Jazz Orchestra \u2013 Wist, Graz (A)<\/h3>\n<h3>05.10.14 | Ed Partyka Jazz Orchestra \u2013 Porgy &amp; Bess Wien (A)<\/h3>\n<h3>04.10.14 | Ed Partyka Jazz Orchestra \u2013 B-Flat, Berlin<\/h3>\n<h3>03.10.14 | Ed Partyka Jazz Orchestra \u2013 B-Flat, Berlin<\/h3>\n<\/div>\n<div class=\"cmsms_text\">\n<h1>Julia &amp; band\u00a0 \u201eTurning The Tide\u201c Tour 2013\/14 \u2013 Germany\/Netherlands<\/h1>\n<h3>10.01.14 | Seminarturnhalle Stade<\/h3>\n<h3>09.01.14 | Salon Hansen L\u00fcneburg<\/h3>\n<h3>08.01.14 | Good Old Days Hamburg<\/h3>\n<h3>13.12.13 | Het Perron Amsterdam<\/h3>\n<h3>23.11.13 | Hinterhofsalon Cologne<\/h3>\n<h3>22.11.13 | Jazzkeller Dinkelsb\u00fchl<\/h3>\n<h3>21.11.13 | Gecko Lounge Koblenz<\/h3>\n<h3>17.11.13 | Living Room Concert Amsterdam<\/h3>\n<h3>18.10.13 | Roode Bioscoop Amsterdam Feat. Quintessences<\/h3>\n<h3>08.06.13 | B-Flat Berlin<\/h3>\n<h3>07.06.13 | CVJM L\u00fcbeck<\/h3>\n<h3>05.06.13 | Statt Caf\u00e9 Kiel<\/h3>\n<h3>04.06.13 | Ufer Hamburg<\/h3>\n<h3>03.06.13 | Music Club Live Hamburg<\/h3>\n<h3>02.06.13 | Big Buttinsky Osnabr\u00fcck<\/h3>\n<h3>01.06.13 | Kleinkunstdiele B\u00fccken<\/h3>\n<h3>31.05.13 | Kulturscheune Liebenau<\/h3>\n<h3>05.05.13 | \u201eLive\u201c At Radio Jazzwelle Wiesbaden<\/h3>\n<h3>04.05.13 | Living Room Concert Mendig<\/h3>\n<h3>03.05.13 | Binger B\u00fchne<\/h3>\n<\/div>\n<\/div>\n<\/div>\n<\/div>\n<\/div>\n<\/div>\n<\/div>\n\n","protected":false},"excerpt":{"rendered":"","protected":false},"author":1,"featured_media":0,"parent":0,"menu_order":0,"comment_status":"closed","ping_status":"closed","template":"","meta":{"footnotes":""},"class_list":["post-2234","page","type-page","status-publish","hentry"],"yoast_head":"<!-- This site is optimized with the Yoast SEO plugin v27.4 - https:\/\/yoast.com\/product\/yoast-seo-wordpress\/ -->\n<title>Events archive - Julia Oschewsky<\/title>\n<meta name=\"robots\" content=\"index, follow, max-snippet:-1, max-image-preview:large, max-video-preview:-1\" \/>\n<link rel=\"canonical\" href=\"https:\/\/www.julia-oschewsky.de\/en\/events-archive\/\" \/>\n<meta property=\"og:locale\" content=\"en_US\" \/>\n<meta property=\"og:type\" content=\"article\" \/>\n<meta property=\"og:title\" content=\"Events archive - Julia Oschewsky\" \/>\n<meta property=\"og:url\" content=\"https:\/\/www.julia-oschewsky.de\/en\/events-archive\/\" \/>\n<meta property=\"og:site_name\" content=\"Julia Oschewsky\" \/>\n<meta property=\"article:modified_time\" content=\"2021-01-28T14:39:51+00:00\" \/>\n<meta name=\"twitter:card\" content=\"summary_large_image\" \/>\n<meta name=\"twitter:label1\" content=\"Est. reading time\" \/>\n\t<meta name=\"twitter:data1\" content=\"8 minutes\" \/>\n<script type=\"application\/ld+json\" class=\"yoast-schema-graph\">{\"@context\":\"https:\\\/\\\/schema.org\",\"@graph\":[{\"@type\":\"WebPage\",\"@id\":\"https:\\\/\\\/www.julia-oschewsky.de\\\/en\\\/events-archive\\\/\",\"url\":\"https:\\\/\\\/www.julia-oschewsky.de\\\/en\\\/events-archive\\\/\",\"name\":\"Events archive - Julia Oschewsky\",\"isPartOf\":{\"@id\":\"https:\\\/\\\/www.julia-oschewsky.de\\\/en\\\/#website\"},\"datePublished\":\"2015-08-10T13:22:56+00:00\",\"dateModified\":\"2021-01-28T14:39:51+00:00\",\"breadcrumb\":{\"@id\":\"https:\\\/\\\/www.julia-oschewsky.de\\\/en\\\/events-archive\\\/#breadcrumb\"},\"inLanguage\":\"en-US\",\"potentialAction\":[{\"@type\":\"ReadAction\",\"target\":[\"https:\\\/\\\/www.julia-oschewsky.de\\\/en\\\/events-archive\\\/\"]}]},{\"@type\":\"BreadcrumbList\",\"@id\":\"https:\\\/\\\/www.julia-oschewsky.de\\\/en\\\/events-archive\\\/#breadcrumb\",\"itemListElement\":[{\"@type\":\"ListItem\",\"position\":1,\"name\":\"Home\",\"item\":\"https:\\\/\\\/www.julia-oschewsky.de\\\/en\\\/\"},{\"@type\":\"ListItem\",\"position\":2,\"name\":\"Events archive\"}]},{\"@type\":\"WebSite\",\"@id\":\"https:\\\/\\\/www.julia-oschewsky.de\\\/en\\\/#website\",\"url\":\"https:\\\/\\\/www.julia-oschewsky.de\\\/en\\\/\",\"name\":\"Julia Oschewsky\",\"description\":\"\",\"potentialAction\":[{\"@type\":\"SearchAction\",\"target\":{\"@type\":\"EntryPoint\",\"urlTemplate\":\"https:\\\/\\\/www.julia-oschewsky.de\\\/en\\\/?s={search_term_string}\"},\"query-input\":{\"@type\":\"PropertyValueSpecification\",\"valueRequired\":true,\"valueName\":\"search_term_string\"}}],\"inLanguage\":\"en-US\"}]}<\/script>\n<!-- \/ Yoast SEO plugin. -->","yoast_head_json":{"title":"Events archive - Julia Oschewsky","robots":{"index":"index","follow":"follow","max-snippet":"max-snippet:-1","max-image-preview":"max-image-preview:large","max-video-preview":"max-video-preview:-1"},"canonical":"https:\/\/www.julia-oschewsky.de\/en\/events-archive\/","og_locale":"en_US","og_type":"article","og_title":"Events archive - Julia Oschewsky","og_url":"https:\/\/www.julia-oschewsky.de\/en\/events-archive\/","og_site_name":"Julia Oschewsky","article_modified_time":"2021-01-28T14:39:51+00:00","twitter_card":"summary_large_image","twitter_misc":{"Est. reading time":"8 minutes"},"schema":{"@context":"https:\/\/schema.org","@graph":[{"@type":"WebPage","@id":"https:\/\/www.julia-oschewsky.de\/en\/events-archive\/","url":"https:\/\/www.julia-oschewsky.de\/en\/events-archive\/","name":"Events archive - Julia Oschewsky","isPartOf":{"@id":"https:\/\/www.julia-oschewsky.de\/en\/#website"},"datePublished":"2015-08-10T13:22:56+00:00","dateModified":"2021-01-28T14:39:51+00:00","breadcrumb":{"@id":"https:\/\/www.julia-oschewsky.de\/en\/events-archive\/#breadcrumb"},"inLanguage":"en-US","potentialAction":[{"@type":"ReadAction","target":["https:\/\/www.julia-oschewsky.de\/en\/events-archive\/"]}]},{"@type":"BreadcrumbList","@id":"https:\/\/www.julia-oschewsky.de\/en\/events-archive\/#breadcrumb","itemListElement":[{"@type":"ListItem","position":1,"name":"Home","item":"https:\/\/www.julia-oschewsky.de\/en\/"},{"@type":"ListItem","position":2,"name":"Events archive"}]},{"@type":"WebSite","@id":"https:\/\/www.julia-oschewsky.de\/en\/#website","url":"https:\/\/www.julia-oschewsky.de\/en\/","name":"Julia Oschewsky","description":"","potentialAction":[{"@type":"SearchAction","target":{"@type":"EntryPoint","urlTemplate":"https:\/\/www.julia-oschewsky.de\/en\/?s={search_term_string}"},"query-input":{"@type":"PropertyValueSpecification","valueRequired":true,"valueName":"search_term_string"}}],"inLanguage":"en-US"}]}},"_links":{"self":[{"href":"https:\/\/www.julia-oschewsky.de\/en\/wp-json\/wp\/v2\/pages\/2234","targetHints":{"allow":["GET"]}}],"collection":[{"href":"https:\/\/www.julia-oschewsky.de\/en\/wp-json\/wp\/v2\/pages"}],"about":[{"href":"https:\/\/www.julia-oschewsky.de\/en\/wp-json\/wp\/v2\/types\/page"}],"author":[{"embeddable":true,"href":"https:\/\/www.julia-oschewsky.de\/en\/wp-json\/wp\/v2\/users\/1"}],"replies":[{"embeddable":true,"href":"https:\/\/www.julia-oschewsky.de\/en\/wp-json\/wp\/v2\/comments?post=2234"}],"version-history":[{"count":145,"href":"https:\/\/www.julia-oschewsky.de\/en\/wp-json\/wp\/v2\/pages\/2234\/revisions"}],"predecessor-version":[{"id":3359,"href":"https:\/\/www.julia-oschewsky.de\/en\/wp-json\/wp\/v2\/pages\/2234\/revisions\/3359"}],"wp:attachment":[{"href":"https:\/\/www.julia-oschewsky.de\/en\/wp-json\/wp\/v2\/media?parent=2234"}],"curies":[{"name":"wp","href":"https:\/\/api.w.org\/{rel}","templated":true}]}}