{"id":1731,"date":"2015-06-29T08:29:10","date_gmt":"2015-06-29T06:29:10","guid":{"rendered":"http:\/\/www.julia-oschewsky.de\/?page_id=1731"},"modified":"2023-04-12T09:47:32","modified_gmt":"2023-04-12T07:47:32","slug":"unterricht","status":"publish","type":"page","link":"https:\/\/www.julia-oschewsky.de\/de\/unterricht\/","title":{"rendered":"Unterricht"},"content":{"rendered":"<style type=\"text\/css\"> \n#cmsms_row_69f2f0585dda2 .cmsms_row_outer_parent { \n\tpadding-top: 30px; \n} \n\n#cmsms_row_69f2f0585dda2 .cmsms_row_outer_parent { \n\tpadding-bottom: 0px; \n} \n\n \n#cmsms_row_69f2f0585e7c6 .cmsms_row_outer_parent { \n\tpadding-top: 15px; \n} \n\n#cmsms_row_69f2f0585e7c6 .cmsms_row_outer_parent { \n\tpadding-bottom: 0px; \n} \n\n \n#cmsms_row_69f2f0585ee26 .cmsms_row_outer_parent { \n\tpadding-top: 45px; \n} \n\n#cmsms_row_69f2f0585ee26 .cmsms_row_outer_parent { \n\tpadding-bottom: 30px; \n} \n\n \n#cmsms_divider_69f2f0585f4bb { \n\tpadding-top:25px; \n\tmargin-bottom:25px; \n} \n \n#cmsms_divider_69f2f0585f4f6 { \n\tpadding-top:25px; \n\tmargin-bottom:25px; \n} \n<\/style><div id=\"cmsms_row_69f2f0585dda2\" class=\"cmsms_row cmsms_color_scheme_default\">\n<div class=\"cmsms_row_outer_parent\">\n<div class=\"cmsms_row_outer\">\n<div class=\"cmsms_row_inner\">\n<div class=\"cmsms_row_margin\">\n<div class=\"cmsms_column one_half\" data-animation=\"fadeIn\">\n<div class=\"aligncenter\">\n<div class=\"cmsms_img  cmsms_image_c\">\n<img decoding=\"async\" src=\"https:\/\/www.julia-oschewsky.de\/de\/wp-content\/uploads\/2015\/06\/Teaching-links.jpg\" alt=\"\" \/>\n<\/div>\n<\/div>\n<\/div>\n<div class=\"cmsms_column one_half\" data-animation=\"fadeIn\">\n<div class=\"cmsms_text\">\n<h1>Gesangsunterricht &amp;\u00a0Workshops<\/h1>\n<\/div>\n<div class=\"cmsms_text\">\n<p>Seit 2005 gebe ich mit gro\u00dfer Begeisterung Gesangsunterricht und Workshops im Bereich Jazz\/Pop f\u00fcr Erwachsene, Jugendliche und Kinder.<\/p>\n<p>Die menschliche Stimme ist und bleibt f\u00fcr mich ein ganz besonderes Ph\u00e4nomen. Sie scheint so sehr mit der Pers\u00f6nlichkeit ihrer Besitzerin oder ihres Besitzers verkn\u00fcpft wie kein anderes Instrument. Gerade deswegen ist es f\u00fcr mich so spannend und bereichernd zugleich, Menschen in ihrem Prozess zu begleiten, die eigene Stimme und somit meistens auch sich selbst besser kennen zu lernen.\u00a0Neben einer unabdingbaren guten Gesangstechnik, lege ich Wert darauf, meinen Sch\u00fclern den Raum und die Impulse zu geben, dem, was da in ihnen pers\u00f6nlich schlummert, Ausdruck zu verleihen und es in den Gesang mit einzubeziehen. F\u00fcr mich machen letztendlich genau diese Authentizit\u00e4t und Ehrlichkeit in der Stimme und Darbietung den ganz gro\u00dfen Unterschied.<\/p>\n<p>Ganz wichtig ist es mir, die Stimme und ihren \u201eEigent\u00fcmer\u201c als Ganzes zu ergr\u00fcnden. Neben Stimm- und Atemtechnik steht auch K\u00f6rperarbeit im Zentrum meines Unterrichts. Gemeinsam mit meinen Sch\u00fclern begebe ich mich auf die Suche nach der wichtigen Balance zwischen k\u00f6rperlicher Spannung und Entspannung sowie den Schwingungen, die die Musik in der Stimme und im ganzen K\u00f6rper ausl\u00f6st. Eine gro\u00dfe Hilfe sind mir dabei u.a. auch meine Erfahrungen als Absolventin mehrfacher <a href=\"https:\/\/www.estillvoice.com\" target=\"_blank\" rel=\"noopener noreferrer\">EVTS<\/a> (Estill Voice Training System) Seminare.<\/p>\n<p>Auch meine j\u00fcngst abgeschlossene <a href=\"https:\/\/www.julia-oschewsky.de\/de\/yoga\">Yoga<\/a> Ausbildung hat mir neue T\u00fcren ge\u00f6ffnet und\u00a0meine\u00a0Unterrichtsphilosophie bereichert. Ich bin gespannt und freue mich darauf, meine neuen Einsichten, in den Gesangsunterricht mit einflie\u00dfen zu lassen.<\/p>\n<\/div>\n<\/div>\n<\/div>\n<\/div>\n<\/div>\n<\/div>\n<\/div>\n<div id=\"cmsms_row_69f2f0585e7c6\" class=\"cmsms_row cmsms_color_scheme_default\">\n<div class=\"cmsms_row_outer_parent\">\n<div class=\"cmsms_row_outer\">\n<div class=\"cmsms_row_inner\">\n<div class=\"cmsms_row_margin\">\n<div class=\"cmsms_column one_half\" data-animation=\"fadeIn\">\n<div class=\"cmsms_text\">\n<p>Mit meinem Unterrichtsangebot richte ich mich ebenso an Privatpersonen, wie auch an professionelle S\u00e4ngerinnen und S\u00e4nger, die sich auf eine Aufnahmepr\u00fcfung (Repertoire, Improvisation, Geh\u00f6rbildung, Theorie) vorbereiten oder mehr \u00fcber das Singen erfahren m\u00f6chten. Des Weiteren habe ich gro\u00dfes Interesse daran und freue mich immer, beim Schreiben eigener Songs behilflich zu sein.<\/p>\n<p>Neben meiner privaten Unterrichtst\u00e4tigkeit unterrichte ich seit Januar 2017 Mittwochs und Donnerstags auch an der Musikschule im <a href=\"https:\/\/www.wbz-ingelheim.de\/musikschule\/\" target=\"_blank\" rel=\"noopener noreferrer\">WBZ Ingelheim<\/a>.<\/p>\n<\/div>\n<div class=\"cmsms_text\">\n<h1>Preise Privatunterricht<\/h1>\n<\/div>\n<div class=\"cmsms_text\">\n<p>\u2022 Einzelstunden auf Anfrage<br \/>\n\u2022 durchlaufender Vertrag w\u00f6chentlich au\u00dfer an Feiertagen und in den Ferien: 45 Min. 150\u20ac \/ Monat (k\u00fcndbar Ende April, Ende August, Ende Dezember)<br \/>\n\u2022 Unterricht\u00a0f\u00fcr Gruppen auf Anfrage<\/p>\n<\/div>\n<\/div>\n<div class=\"cmsms_column one_half\" data-animation=\"fadeIn\">\n<div class=\"aligncenter\">\n<div class=\"cmsms_img  cmsms_image_c\" data-animation=\"fadeIn\" data-delay=\"0\">\n<a href=\"https:\/\/www.julia-oschewsky.de\/de\/wp-content\/uploads\/2015\/06\/Unterricht-Walle.jpg\"><img decoding=\"async\" src=\"https:\/\/www.julia-oschewsky.de\/de\/wp-content\/uploads\/2015\/06\/Unterricht-Walle-1024x868.jpg\" alt=\"\" \/><\/a>\n<\/div>\n<\/div>\n<\/div>\n<\/div>\n<\/div>\n<\/div>\n<\/div>\n<\/div>\n<div id=\"cmsms_row_69f2f0585ee26\" class=\"cmsms_row cmsms_color_scheme_default\">\n<div class=\"cmsms_row_outer_parent\">\n<div class=\"cmsms_row_outer\">\n<div class=\"cmsms_row_inner\">\n<div class=\"cmsms_row_margin\">\n<div class=\"cmsms_column one_half\" data-animation=\"fadeIn\">\n<div class=\"aligncenter\">\n<div class=\"cmsms_img  cmsms_image_c\">\n<img decoding=\"async\" src=\"https:\/\/www.julia-oschewsky.de\/de\/wp-content\/uploads\/2015\/06\/groepsfoto.jpg\" alt=\"\" \/>\n<\/div>\n<\/div>\n<\/div>\n<div class=\"cmsms_column one_half\" data-animation=\"fadeIn\">\n<div class=\"cmsms_text\">\n<h1 class=\"p1\"><span class=\"s1\">Reaktionen einiger Sch\u00fcler<\/span><\/h1>\n<\/div>\n<div class=\"cmsms_text\" data-animation=\"fadeIn\" data-delay=\"0\">\n<p>\u201eJulia steckt mich an mit ihrer Begeisterung und l\u00e4sst mich selbst entdecken, dass Singen etwas ist, was ich mit meinem ganzen K\u00f6rper tue. So lerne ich auf spielerische Art immer wieder, welches Potential ich in mir trage. Ich lerne neue Techniken, aber der Unterricht bei ihr gibt mir auch Kraft und Energie.&#8220;\u00a0<span style=\"font-size: 10pt;\">\u00a0<\/span><\/p>\n<\/div>\n<div id=\"cmsms_divider_69f2f0585f4bb\" class=\"cmsms_divider solid\"><\/div>\n<div class=\"cmsms_text\" data-animation=\"fadeIn\" data-delay=\"0\">\n<p>\u201eJulia ist eine fantastische Gesangslehrerin. Sie unterrichtet mit viel Leidenschaft,\u00a0ist sehr fachkundig und freundlich, und probiert dem Sch\u00fcler in seiner Entwicklung weiterzuhelfen. Ihr Unterricht ist sehr angenehm und entspannend, ich lerne viel und habe auch jede Menge Spa\u00df dabei.&#8220;<\/p>\n<\/div>\n\n<div id=\"cmsms_divider_69f2f0585f4f6\" class=\"cmsms_divider solid\"><\/div>\n<div class=\"cmsms_text\" data-animation=\"fadeIn\" data-delay=\"0\">\n<p>\u201eJulia unterrichtet mit gro\u00dfer Begeisterung. Sie hat mir viel Technik beigebracht. In jeder Stunde gab es mindestens einen Tipp, worauf ich mich den Rest des Monats konzentrieren konnte. So machte ich jeden Monat einen guten Schritt vorw\u00e4rts.&#8220;<\/p>\n<\/div>\n<\/div>\n<\/div>\n<\/div>\n<\/div>\n<\/div>\n<\/div>\n\n","protected":false},"excerpt":{"rendered":"","protected":false},"author":1,"featured_media":0,"parent":0,"menu_order":0,"comment_status":"closed","ping_status":"closed","template":"","meta":{"footnotes":""},"class_list":["post-1731","page","type-page","status-publish","hentry"],"yoast_head":"<!-- This site is optimized with the Yoast SEO plugin v27.4 - https:\/\/yoast.com\/product\/yoast-seo-wordpress\/ -->\n<title>Unterricht - Julia Oschewsky<\/title>\n<meta name=\"robots\" content=\"index, follow, max-snippet:-1, max-image-preview:large, max-video-preview:-1\" \/>\n<link rel=\"canonical\" href=\"https:\/\/www.julia-oschewsky.de\/de\/unterricht\/\" \/>\n<meta property=\"og:locale\" content=\"de_DE\" \/>\n<meta property=\"og:type\" content=\"article\" \/>\n<meta property=\"og:title\" content=\"Unterricht - Julia Oschewsky\" \/>\n<meta property=\"og:url\" content=\"https:\/\/www.julia-oschewsky.de\/de\/unterricht\/\" \/>\n<meta property=\"og:site_name\" content=\"Julia Oschewsky\" \/>\n<meta property=\"article:modified_time\" content=\"2023-04-12T07:47:32+00:00\" \/>\n<meta name=\"twitter:card\" content=\"summary_large_image\" \/>\n<meta name=\"twitter:label1\" content=\"Gesch\u00e4tzte Lesezeit\" \/>\n\t<meta name=\"twitter:data1\" content=\"4\u00a0Minuten\" \/>\n<script type=\"application\/ld+json\" class=\"yoast-schema-graph\">{\"@context\":\"https:\\\/\\\/schema.org\",\"@graph\":[{\"@type\":\"WebPage\",\"@id\":\"https:\\\/\\\/www.julia-oschewsky.de\\\/de\\\/unterricht\\\/\",\"url\":\"https:\\\/\\\/www.julia-oschewsky.de\\\/de\\\/unterricht\\\/\",\"name\":\"Unterricht - Julia Oschewsky\",\"isPartOf\":{\"@id\":\"https:\\\/\\\/www.julia-oschewsky.de\\\/de\\\/#website\"},\"datePublished\":\"2015-06-29T06:29:10+00:00\",\"dateModified\":\"2023-04-12T07:47:32+00:00\",\"breadcrumb\":{\"@id\":\"https:\\\/\\\/www.julia-oschewsky.de\\\/de\\\/unterricht\\\/#breadcrumb\"},\"inLanguage\":\"de\",\"potentialAction\":[{\"@type\":\"ReadAction\",\"target\":[\"https:\\\/\\\/www.julia-oschewsky.de\\\/de\\\/unterricht\\\/\"]}]},{\"@type\":\"BreadcrumbList\",\"@id\":\"https:\\\/\\\/www.julia-oschewsky.de\\\/de\\\/unterricht\\\/#breadcrumb\",\"itemListElement\":[{\"@type\":\"ListItem\",\"position\":1,\"name\":\"Home\",\"item\":\"https:\\\/\\\/www.julia-oschewsky.de\\\/de\\\/\"},{\"@type\":\"ListItem\",\"position\":2,\"name\":\"Unterricht\"}]},{\"@type\":\"WebSite\",\"@id\":\"https:\\\/\\\/www.julia-oschewsky.de\\\/de\\\/#website\",\"url\":\"https:\\\/\\\/www.julia-oschewsky.de\\\/de\\\/\",\"name\":\"Julia Oschewsky\",\"description\":\"\",\"potentialAction\":[{\"@type\":\"SearchAction\",\"target\":{\"@type\":\"EntryPoint\",\"urlTemplate\":\"https:\\\/\\\/www.julia-oschewsky.de\\\/de\\\/?s={search_term_string}\"},\"query-input\":{\"@type\":\"PropertyValueSpecification\",\"valueRequired\":true,\"valueName\":\"search_term_string\"}}],\"inLanguage\":\"de\"}]}<\/script>\n<!-- \/ Yoast SEO plugin. -->","yoast_head_json":{"title":"Unterricht - Julia Oschewsky","robots":{"index":"index","follow":"follow","max-snippet":"max-snippet:-1","max-image-preview":"max-image-preview:large","max-video-preview":"max-video-preview:-1"},"canonical":"https:\/\/www.julia-oschewsky.de\/de\/unterricht\/","og_locale":"de_DE","og_type":"article","og_title":"Unterricht - Julia Oschewsky","og_url":"https:\/\/www.julia-oschewsky.de\/de\/unterricht\/","og_site_name":"Julia Oschewsky","article_modified_time":"2023-04-12T07:47:32+00:00","twitter_card":"summary_large_image","twitter_misc":{"Gesch\u00e4tzte Lesezeit":"4\u00a0Minuten"},"schema":{"@context":"https:\/\/schema.org","@graph":[{"@type":"WebPage","@id":"https:\/\/www.julia-oschewsky.de\/de\/unterricht\/","url":"https:\/\/www.julia-oschewsky.de\/de\/unterricht\/","name":"Unterricht - Julia Oschewsky","isPartOf":{"@id":"https:\/\/www.julia-oschewsky.de\/de\/#website"},"datePublished":"2015-06-29T06:29:10+00:00","dateModified":"2023-04-12T07:47:32+00:00","breadcrumb":{"@id":"https:\/\/www.julia-oschewsky.de\/de\/unterricht\/#breadcrumb"},"inLanguage":"de","potentialAction":[{"@type":"ReadAction","target":["https:\/\/www.julia-oschewsky.de\/de\/unterricht\/"]}]},{"@type":"BreadcrumbList","@id":"https:\/\/www.julia-oschewsky.de\/de\/unterricht\/#breadcrumb","itemListElement":[{"@type":"ListItem","position":1,"name":"Home","item":"https:\/\/www.julia-oschewsky.de\/de\/"},{"@type":"ListItem","position":2,"name":"Unterricht"}]},{"@type":"WebSite","@id":"https:\/\/www.julia-oschewsky.de\/de\/#website","url":"https:\/\/www.julia-oschewsky.de\/de\/","name":"Julia Oschewsky","description":"","potentialAction":[{"@type":"SearchAction","target":{"@type":"EntryPoint","urlTemplate":"https:\/\/www.julia-oschewsky.de\/de\/?s={search_term_string}"},"query-input":{"@type":"PropertyValueSpecification","valueRequired":true,"valueName":"search_term_string"}}],"inLanguage":"de"}]}},"_links":{"self":[{"href":"https:\/\/www.julia-oschewsky.de\/de\/wp-json\/wp\/v2\/pages\/1731","targetHints":{"allow":["GET"]}}],"collection":[{"href":"https:\/\/www.julia-oschewsky.de\/de\/wp-json\/wp\/v2\/pages"}],"about":[{"href":"https:\/\/www.julia-oschewsky.de\/de\/wp-json\/wp\/v2\/types\/page"}],"author":[{"embeddable":true,"href":"https:\/\/www.julia-oschewsky.de\/de\/wp-json\/wp\/v2\/users\/1"}],"replies":[{"embeddable":true,"href":"https:\/\/www.julia-oschewsky.de\/de\/wp-json\/wp\/v2\/comments?post=1731"}],"version-history":[{"count":126,"href":"https:\/\/www.julia-oschewsky.de\/de\/wp-json\/wp\/v2\/pages\/1731\/revisions"}],"predecessor-version":[{"id":3731,"href":"https:\/\/www.julia-oschewsky.de\/de\/wp-json\/wp\/v2\/pages\/1731\/revisions\/3731"}],"wp:attachment":[{"href":"https:\/\/www.julia-oschewsky.de\/de\/wp-json\/wp\/v2\/media?parent=1731"}],"curies":[{"name":"wp","href":"https:\/\/api.w.org\/{rel}","templated":true}]}}